{"id":14,"date":"2020-09-23T04:21:29","date_gmt":"2020-09-23T04:21:29","guid":{"rendered":"https:\/\/bocghedongnhi.com\/?post_type=product&#038;p=14"},"modified":"2020-09-23T04:21:30","modified_gmt":"2020-09-23T04:21:30","slug":"ban-ghe-sofa-ma-cc14","status":"publish","type":"product","link":"https:\/\/sofahphome.com\/?product=ban-ghe-sofa-ma-cc14","title":{"rendered":"B\u00e0n Gh\u1ebf Sofa M\u00e3 CC14"},"content":{"rendered":"<p>\u2666 V\u1eady b\u1ea1n c\u00f2n \u0111\u1eafn \u0111o g\u00ec n\u1eefa m\u00e0 kh\u00f4ng li\u00ean h\u1ec7 ngay v\u1edbi\u00a0<strong>SOFA GI\u00c1 R\u1eba VI\u1ec6T PH\u00c1<\/strong>T \u0111\u1ec3 t\u1ea1o n\u00ean m\u1ed9t kh\u00f4ng gian s\u1ed1ng hi\u1ec7n \u0111\u1ea1i nh\u1ea5t ,ch\u00fang t\u00f4i \u0111\u1ea3m b\u1ea3o\u00a0<strong>Ch\u1ea5t L\u01b0\u1ee3ng Cao C\u1ea5p<\/strong>\u00a0\u2013\u00a0<strong>Thi\u1ebft K\u1ebf Hi\u1ec7n \u0110\u1ea1i<\/strong>\u00a0\u2013\u00a0<strong>Gi\u00e1 C\u1ea3 M\u1ec1m M\u1ea1i<\/strong>\u00a0nh\u1ea5t th\u1ecb tr\u01b0\u1eddng n\u1ed9i th\u1ea5t .<\/p>\n<p>\u0110\u1ebfn ngay v\u1edbi\u00a0<strong>B\u00e0n Gh\u1ebf Sofa Gi\u00e1 R\u1ebb S\u00e0i G\u00f2n<\/strong>\u00a0\u0111\u1ec3 t\u00f4 \u0111i\u1ec3m cho m\u00ecnh m\u1ed9t phong c\u00e1ch m\u1edbi l\u1ea1 ,m\u1ed9t m\u00f4 h\u00ecnh \u0111\u1ed9c \u0111\u00e1o v\u00e0 l\u00fd t\u01b0\u1edfng nh\u1ea5t ,\u0111\u1ea3m b\u1ea3o\u00a0<strong>\u0110\u1eb8P \u2013 \u0110\u1ed8C \u2013 L\u1ea1<\/strong>\u00a0.<\/p>\n","protected":false},"excerpt":{"rendered":"<ul>\n<li><label>T\u00ecnh tr\u1ea1ng<\/label>:\u00a0M\u1edbi<\/li>\n<li><label>B\u1ea3o h\u00e0nh<\/label>:<\/li>\n<\/ul>\n","protected":false},"featured_media":15,"comment_status":"open","ping_status":"closed","template":"","meta":[],"product_cat":[15,16],"product_tag":[],"class_list":{"0":"post-14","1":"product","2":"type-product","3":"status-publish","4":"has-post-thumbnail","6":"product_cat-sofa-cao-cap","7":"product_cat-sofa-da","9":"first","10":"instock","11":"shipping-taxable","12":"purchasable","13":"product-type-simple"},"yoast_head":"<!-- This site is optimized with the Yoast SEO plugin v23.7 - https:\/\/yoast.com\/wordpress\/plugins\/seo\/ -->\n<title>B\u00e0n Gh\u1ebf Sofa M\u00e3 CC14<\/title>\n<meta name=\"robots\" content=\"index, follow, max-snippet:-1, max-image-preview:large, max-video-preview:-1\" \/>\n<link rel=\"canonical\" href=\"https:\/\/sofahphome.com\/?product=ban-ghe-sofa-ma-cc14\" \/>\n<meta property=\"og:locale\" content=\"vi_VN\" \/>\n<meta property=\"og:type\" content=\"article\" \/>\n<meta property=\"og:title\" content=\"B\u00e0n Gh\u1ebf Sofa M\u00e3 CC14\" \/>\n<meta property=\"og:description\" content=\"T\u00ecnh tr\u1ea1ng:\u00a0M\u1edbi  B\u1ea3o h\u00e0nh:\" \/>\n<meta property=\"og:url\" content=\"https:\/\/sofahphome.com\/?product=ban-ghe-sofa-ma-cc14\" \/>\n<meta property=\"og:site_name\" content=\"sofahphome.com\" \/>\n<meta property=\"article:modified_time\" content=\"2020-09-23T04:21:30+00:00\" \/>\n<meta property=\"og:image\" content=\"https:\/\/sofahphome.com\/wp-content\/uploads\/2020\/09\/sofa1.jpg\" \/>\n\t<meta property=\"og:image:width\" content=\"500\" \/>\n\t<meta property=\"og:image:height\" content=\"500\" \/>\n\t<meta property=\"og:image:type\" content=\"image\/jpeg\" \/>\n<meta name=\"twitter:card\" content=\"summary_large_image\" \/>\n<meta name=\"twitter:label1\" content=\"\u01af\u1edbc t\u00ednh th\u1eddi gian \u0111\u1ecdc\" \/>\n\t<meta name=\"twitter:data1\" content=\"1 ph\u00fat\" \/>\n<script type=\"application\/ld+json\" class=\"yoast-schema-graph\">{\"@context\":\"https:\/\/schema.org\",\"@graph\":[{\"@type\":\"WebPage\",\"@id\":\"https:\/\/sofahphome.com\/?product=ban-ghe-sofa-ma-cc14\",\"url\":\"https:\/\/sofahphome.com\/?product=ban-ghe-sofa-ma-cc14\",\"name\":\"B\u00e0n Gh\u1ebf Sofa M\u00e3 CC14\",\"isPartOf\":{\"@id\":\"https:\/\/sofahphome.com\/#website\"},\"primaryImageOfPage\":{\"@id\":\"https:\/\/sofahphome.com\/?product=ban-ghe-sofa-ma-cc14#primaryimage\"},\"image\":{\"@id\":\"https:\/\/sofahphome.com\/?product=ban-ghe-sofa-ma-cc14#primaryimage\"},\"thumbnailUrl\":\"https:\/\/sofahphome.com\/wp-content\/uploads\/2020\/09\/sofa1.jpg\",\"datePublished\":\"2020-09-23T04:21:29+00:00\",\"dateModified\":\"2020-09-23T04:21:30+00:00\",\"breadcrumb\":{\"@id\":\"https:\/\/sofahphome.com\/?product=ban-ghe-sofa-ma-cc14#breadcrumb\"},\"inLanguage\":\"vi\",\"potentialAction\":[{\"@type\":\"ReadAction\",\"target\":[\"https:\/\/sofahphome.com\/?product=ban-ghe-sofa-ma-cc14\"]}]},{\"@type\":\"ImageObject\",\"inLanguage\":\"vi\",\"@id\":\"https:\/\/sofahphome.com\/?product=ban-ghe-sofa-ma-cc14#primaryimage\",\"url\":\"https:\/\/sofahphome.com\/wp-content\/uploads\/2020\/09\/sofa1.jpg\",\"contentUrl\":\"https:\/\/sofahphome.com\/wp-content\/uploads\/2020\/09\/sofa1.jpg\",\"width\":500,\"height\":500},{\"@type\":\"BreadcrumbList\",\"@id\":\"https:\/\/sofahphome.com\/?product=ban-ghe-sofa-ma-cc14#breadcrumb\",\"itemListElement\":[{\"@type\":\"ListItem\",\"position\":1,\"name\":\"B\u1ecdc gh\u1ebf PH Home\",\"item\":\"https:\/\/sofahphome.com\/\"},{\"@type\":\"ListItem\",\"position\":2,\"name\":\"S\u1ea3n ph\u1ea9m\",\"item\":\"https:\/\/sofahphome.com\/?post_type=product\"},{\"@type\":\"ListItem\",\"position\":3,\"name\":\"Sofa cao c\u1ea5p\",\"item\":\"https:\/\/sofahphome.com\/?product_cat=sofa-cao-cap\"},{\"@type\":\"ListItem\",\"position\":4,\"name\":\"B\u00e0n Gh\u1ebf Sofa M\u00e3 CC14\"}]},{\"@type\":\"WebSite\",\"@id\":\"https:\/\/sofahphome.com\/#website\",\"url\":\"https:\/\/sofahphome.com\/\",\"name\":\"sofahphome.com\",\"description\":\"B\u1ecdc gh\u1ebf sofa HP Home\",\"potentialAction\":[{\"@type\":\"SearchAction\",\"target\":{\"@type\":\"EntryPoint\",\"urlTemplate\":\"https:\/\/sofahphome.com\/?s={search_term_string}\"},\"query-input\":{\"@type\":\"PropertyValueSpecification\",\"valueRequired\":true,\"valueName\":\"search_term_string\"}}],\"inLanguage\":\"vi\"}]}<\/script>\n<!-- \/ Yoast SEO plugin. -->","yoast_head_json":{"title":"B\u00e0n Gh\u1ebf Sofa M\u00e3 CC14","robots":{"index":"index","follow":"follow","max-snippet":"max-snippet:-1","max-image-preview":"max-image-preview:large","max-video-preview":"max-video-preview:-1"},"canonical":"https:\/\/sofahphome.com\/?product=ban-ghe-sofa-ma-cc14","og_locale":"vi_VN","og_type":"article","og_title":"B\u00e0n Gh\u1ebf Sofa M\u00e3 CC14","og_description":"T\u00ecnh tr\u1ea1ng:\u00a0M\u1edbi  B\u1ea3o h\u00e0nh:","og_url":"https:\/\/sofahphome.com\/?product=ban-ghe-sofa-ma-cc14","og_site_name":"sofahphome.com","article_modified_time":"2020-09-23T04:21:30+00:00","og_image":[{"width":500,"height":500,"url":"https:\/\/sofahphome.com\/wp-content\/uploads\/2020\/09\/sofa1.jpg","type":"image\/jpeg"}],"twitter_card":"summary_large_image","twitter_misc":{"\u01af\u1edbc t\u00ednh th\u1eddi gian \u0111\u1ecdc":"1 ph\u00fat"},"schema":{"@context":"https:\/\/schema.org","@graph":[{"@type":"WebPage","@id":"https:\/\/sofahphome.com\/?product=ban-ghe-sofa-ma-cc14","url":"https:\/\/sofahphome.com\/?product=ban-ghe-sofa-ma-cc14","name":"B\u00e0n Gh\u1ebf Sofa M\u00e3 CC14","isPartOf":{"@id":"https:\/\/sofahphome.com\/#website"},"primaryImageOfPage":{"@id":"https:\/\/sofahphome.com\/?product=ban-ghe-sofa-ma-cc14#primaryimage"},"image":{"@id":"https:\/\/sofahphome.com\/?product=ban-ghe-sofa-ma-cc14#primaryimage"},"thumbnailUrl":"https:\/\/sofahphome.com\/wp-content\/uploads\/2020\/09\/sofa1.jpg","datePublished":"2020-09-23T04:21:29+00:00","dateModified":"2020-09-23T04:21:30+00:00","breadcrumb":{"@id":"https:\/\/sofahphome.com\/?product=ban-ghe-sofa-ma-cc14#breadcrumb"},"inLanguage":"vi","potentialAction":[{"@type":"ReadAction","target":["https:\/\/sofahphome.com\/?product=ban-ghe-sofa-ma-cc14"]}]},{"@type":"ImageObject","inLanguage":"vi","@id":"https:\/\/sofahphome.com\/?product=ban-ghe-sofa-ma-cc14#primaryimage","url":"https:\/\/sofahphome.com\/wp-content\/uploads\/2020\/09\/sofa1.jpg","contentUrl":"https:\/\/sofahphome.com\/wp-content\/uploads\/2020\/09\/sofa1.jpg","width":500,"height":500},{"@type":"BreadcrumbList","@id":"https:\/\/sofahphome.com\/?product=ban-ghe-sofa-ma-cc14#breadcrumb","itemListElement":[{"@type":"ListItem","position":1,"name":"B\u1ecdc gh\u1ebf PH Home","item":"https:\/\/sofahphome.com\/"},{"@type":"ListItem","position":2,"name":"S\u1ea3n ph\u1ea9m","item":"https:\/\/sofahphome.com\/?post_type=product"},{"@type":"ListItem","position":3,"name":"Sofa cao c\u1ea5p","item":"https:\/\/sofahphome.com\/?product_cat=sofa-cao-cap"},{"@type":"ListItem","position":4,"name":"B\u00e0n Gh\u1ebf Sofa M\u00e3 CC14"}]},{"@type":"WebSite","@id":"https:\/\/sofahphome.com\/#website","url":"https:\/\/sofahphome.com\/","name":"sofahphome.com","description":"B\u1ecdc gh\u1ebf sofa HP Home","potentialAction":[{"@type":"SearchAction","target":{"@type":"EntryPoint","urlTemplate":"https:\/\/sofahphome.com\/?s={search_term_string}"},"query-input":{"@type":"PropertyValueSpecification","valueRequired":true,"valueName":"search_term_string"}}],"inLanguage":"vi"}]}},"_links":{"self":[{"href":"https:\/\/sofahphome.com\/index.php?rest_route=\/wp\/v2\/product\/14"}],"collection":[{"href":"https:\/\/sofahphome.com\/index.php?rest_route=\/wp\/v2\/product"}],"about":[{"href":"https:\/\/sofahphome.com\/index.php?rest_route=\/wp\/v2\/types\/product"}],"replies":[{"embeddable":true,"href":"https:\/\/sofahphome.com\/index.php?rest_route=%2Fwp%2Fv2%2Fcomments&post=14"}],"wp:featuredmedia":[{"embeddable":true,"href":"https:\/\/sofahphome.com\/index.php?rest_route=\/wp\/v2\/media\/15"}],"wp:attachment":[{"href":"https:\/\/sofahphome.com\/index.php?rest_route=%2Fwp%2Fv2%2Fmedia&parent=14"}],"wp:term":[{"taxonomy":"product_cat","embeddable":true,"href":"https:\/\/sofahphome.com\/index.php?rest_route=%2Fwp%2Fv2%2Fproduct_cat&post=14"},{"taxonomy":"product_tag","embeddable":true,"href":"https:\/\/sofahphome.com\/index.php?rest_route=%2Fwp%2Fv2%2Fproduct_tag&post=14"}],"curies":[{"name":"wp","href":"https:\/\/api.w.org\/{rel}","templated":true}]}}