{"id":16,"date":"2020-09-23T04:23:26","date_gmt":"2020-09-23T04:23:26","guid":{"rendered":"https:\/\/bocghedongnhi.com\/?post_type=product&#038;p=16"},"modified":"2020-09-23T04:23:28","modified_gmt":"2020-09-23T04:23:28","slug":"sofa-ni-tay-op-go-ma-062","status":"publish","type":"product","link":"https:\/\/sofahphome.com\/?product=sofa-ni-tay-op-go-ma-062","title":{"rendered":"Sofa n\u1ec9 tay \u1ed1p g\u1ed7 m\u00e3 062"},"content":{"rendered":"<div>Trong m\u1ed9t kh\u00f4ng gian ph\u00f2ng kh\u00e1ch sang tr\u1ecdng th\u00ec kh\u00f4ng th\u1ec3 thi\u1ebfu c\u00e1c m\u1eabu b\u00e0n\u00a0<a href=\"https:\/\/sofanhaviet.com\/sofa-ni.html\"><strong>gh\u1ebf sofa n\u1ec9 cao c\u1ea5p<\/strong><\/a>\u00a0nh\u1eadp kh\u1ea9u. Gh\u1ebf sofa kh\u00f4ng nh\u1eefng l\u00e0 n\u01a1i ti\u1ebfp kh\u00e1ch v\u00e0 th\u01b0 gi\u00e3n c\u1ee7a gia \u0111\u00ecnh, m\u00e0 n\u00f3 c\u00f2n gi\u00fap c\u0103n h\u1ed9 tr\u1edf n\u00ean sang tr\u1ecdng h\u01a1n th\u1ea9m m\u1ef9 v\u00e0 \u0111\u1eb9p h\u01a1n.<\/p>\n<\/div>\n<h2>M\u1ed9t s\u1ed1 \u0111i\u1ec1u c\u1ea7n quan t\u00e2m v\u1ec1 b\u1ed9 sofa n\u1ec9 m\u00e3 062<\/h2>\n<div>\n<strong>K\u00edch th\u01b0\u1edbc b\u1ed9 sofa t\u00ednh theo ti\u00eau chu\u1ea9n Nh\u00e0 Vi\u1ec7t<\/strong><\/p>\n<p>K\u00edch th\u01b0\u1edbc\u00a0 :\u00a0 2600 * 1700 * 850 S\u00e2u ph\u1ee7 b\u00ec, Cao ph\u1ee7 b\u00ec 850, Cao ng\u1ed3i 410<br \/>\n(\u00a0<em>K\u00edch th\u01b0\u1edbc v\u00e0 m\u00e0u s\u1eafc c\u00f3 th\u1ec3 thay \u0111\u1ed5i theo y\u00eau c\u1ea7u khi \u0111\u1eb7t h\u00e0ng<\/em>\u00a0)<\/p>\n<p><strong>Th\u00f4ng tin gi\u00e1 b\u00e1n v\u00e0 ch\u1ea5t li\u1ec7u n\u1ec9 b\u1ecdc b\u1ed9 sofa<\/strong><\/p>\n<p>Gi\u00e1 b\u00e1n\u00a0 :\u00a0<strong>\u00a016.800.000<\/strong>\u00a0&#8211; Ch\u1ea5t li\u1ec7u n\u1ec9 cao c\u1ea5p nh\u1eadp kh\u1ea9u t\u1eeb c\u00e1c n\u01b0\u1edbc Ch\u00e2u \u00c2u<br \/>\n<strong>15.800.000\u00a0<\/strong>&#8211; Ch\u1ea5t li\u1ec7u n\u1ec9 cao c\u1ea5p nh\u1eadp kh\u1ea9u t\u1eeb c\u00e1c n\u01b0\u1edbc Ch\u00e2u \u00c1<\/p>\n<p><strong>T\u1eb7ng k\u00e8m khi mua b\u1ed9 b\u00e0n gh\u1ebf sofa n\u1ec9<\/strong><\/p>\n<p>* T\u1eb7ng k\u00e8m 02 \u0111\u00f4n nh\u1ecf k\u00edch th\u01b0\u1edbc 40 * 40cm m\u00e0u c\u00f9ng gh\u1ebf, t\u1eb7ng k\u00e8m 03 g\u1ed1i \u00f4m trang tr\u00ed b\u1eb1ng n\u1ec9 m\u00e0u s\u1eafc t\u1ef1 ch\u1ecdn theo y\u00eau c\u1ea7u.<\/p><\/div>\n","protected":false},"excerpt":{"rendered":"<p><label>T\u00ecnh tr\u1ea1ng<\/label>:\u00a0M\u1edbi<\/p>\n<p><label>B\u1ea3o h\u00e0nh<\/label>:<\/p>\n","protected":false},"featured_media":17,"comment_status":"open","ping_status":"closed","template":"","meta":[],"product_cat":[17,18],"product_tag":[],"class_list":{"0":"post-16","1":"product","2":"type-product","3":"status-publish","4":"has-post-thumbnail","6":"product_cat-sofa-ni","7":"product_cat-sofa-vang","9":"first","10":"instock","11":"shipping-taxable","12":"purchasable","13":"product-type-simple"},"yoast_head":"<!-- This site is optimized with the Yoast SEO plugin v23.7 - https:\/\/yoast.com\/wordpress\/plugins\/seo\/ -->\n<title>Sofa n\u1ec9 tay \u1ed1p g\u1ed7 m\u00e3 062<\/title>\n<meta name=\"robots\" content=\"index, follow, max-snippet:-1, max-image-preview:large, max-video-preview:-1\" \/>\n<link rel=\"canonical\" href=\"https:\/\/sofahphome.com\/?product=sofa-ni-tay-op-go-ma-062\" \/>\n<meta property=\"og:locale\" content=\"vi_VN\" \/>\n<meta property=\"og:type\" content=\"article\" \/>\n<meta property=\"og:title\" content=\"Sofa n\u1ec9 tay \u1ed1p g\u1ed7 m\u00e3 062\" \/>\n<meta property=\"og:description\" content=\"T\u00ecnh tr\u1ea1ng:\u00a0M\u1edbi  B\u1ea3o h\u00e0nh:\" \/>\n<meta property=\"og:url\" content=\"https:\/\/sofahphome.com\/?product=sofa-ni-tay-op-go-ma-062\" \/>\n<meta property=\"og:site_name\" content=\"sofahphome.com\" \/>\n<meta property=\"article:modified_time\" content=\"2020-09-23T04:23:28+00:00\" \/>\n<meta property=\"og:image\" content=\"https:\/\/sofahphome.com\/wp-content\/uploads\/2020\/09\/sofa2.jpg\" \/>\n\t<meta property=\"og:image:width\" content=\"500\" \/>\n\t<meta property=\"og:image:height\" content=\"500\" \/>\n\t<meta property=\"og:image:type\" content=\"image\/jpeg\" \/>\n<meta name=\"twitter:card\" content=\"summary_large_image\" \/>\n<meta name=\"twitter:label1\" content=\"\u01af\u1edbc t\u00ednh th\u1eddi gian \u0111\u1ecdc\" \/>\n\t<meta name=\"twitter:data1\" content=\"1 ph\u00fat\" \/>\n<script type=\"application\/ld+json\" class=\"yoast-schema-graph\">{\"@context\":\"https:\/\/schema.org\",\"@graph\":[{\"@type\":\"WebPage\",\"@id\":\"https:\/\/sofahphome.com\/?product=sofa-ni-tay-op-go-ma-062\",\"url\":\"https:\/\/sofahphome.com\/?product=sofa-ni-tay-op-go-ma-062\",\"name\":\"Sofa n\u1ec9 tay \u1ed1p g\u1ed7 m\u00e3 062\",\"isPartOf\":{\"@id\":\"https:\/\/sofahphome.com\/#website\"},\"primaryImageOfPage\":{\"@id\":\"https:\/\/sofahphome.com\/?product=sofa-ni-tay-op-go-ma-062#primaryimage\"},\"image\":{\"@id\":\"https:\/\/sofahphome.com\/?product=sofa-ni-tay-op-go-ma-062#primaryimage\"},\"thumbnailUrl\":\"https:\/\/sofahphome.com\/wp-content\/uploads\/2020\/09\/sofa2.jpg\",\"datePublished\":\"2020-09-23T04:23:26+00:00\",\"dateModified\":\"2020-09-23T04:23:28+00:00\",\"breadcrumb\":{\"@id\":\"https:\/\/sofahphome.com\/?product=sofa-ni-tay-op-go-ma-062#breadcrumb\"},\"inLanguage\":\"vi\",\"potentialAction\":[{\"@type\":\"ReadAction\",\"target\":[\"https:\/\/sofahphome.com\/?product=sofa-ni-tay-op-go-ma-062\"]}]},{\"@type\":\"ImageObject\",\"inLanguage\":\"vi\",\"@id\":\"https:\/\/sofahphome.com\/?product=sofa-ni-tay-op-go-ma-062#primaryimage\",\"url\":\"https:\/\/sofahphome.com\/wp-content\/uploads\/2020\/09\/sofa2.jpg\",\"contentUrl\":\"https:\/\/sofahphome.com\/wp-content\/uploads\/2020\/09\/sofa2.jpg\",\"width\":500,\"height\":500},{\"@type\":\"BreadcrumbList\",\"@id\":\"https:\/\/sofahphome.com\/?product=sofa-ni-tay-op-go-ma-062#breadcrumb\",\"itemListElement\":[{\"@type\":\"ListItem\",\"position\":1,\"name\":\"B\u1ecdc gh\u1ebf PH Home\",\"item\":\"https:\/\/sofahphome.com\/\"},{\"@type\":\"ListItem\",\"position\":2,\"name\":\"S\u1ea3n ph\u1ea9m\",\"item\":\"https:\/\/sofahphome.com\/?post_type=product\"},{\"@type\":\"ListItem\",\"position\":3,\"name\":\"Sofa n\u1ec9\",\"item\":\"https:\/\/sofahphome.com\/?product_cat=sofa-ni\"},{\"@type\":\"ListItem\",\"position\":4,\"name\":\"Sofa n\u1ec9 tay \u1ed1p g\u1ed7 m\u00e3 062\"}]},{\"@type\":\"WebSite\",\"@id\":\"https:\/\/sofahphome.com\/#website\",\"url\":\"https:\/\/sofahphome.com\/\",\"name\":\"sofahphome.com\",\"description\":\"B\u1ecdc gh\u1ebf sofa HP Home\",\"potentialAction\":[{\"@type\":\"SearchAction\",\"target\":{\"@type\":\"EntryPoint\",\"urlTemplate\":\"https:\/\/sofahphome.com\/?s={search_term_string}\"},\"query-input\":{\"@type\":\"PropertyValueSpecification\",\"valueRequired\":true,\"valueName\":\"search_term_string\"}}],\"inLanguage\":\"vi\"}]}<\/script>\n<!-- \/ Yoast SEO plugin. -->","yoast_head_json":{"title":"Sofa n\u1ec9 tay \u1ed1p g\u1ed7 m\u00e3 062","robots":{"index":"index","follow":"follow","max-snippet":"max-snippet:-1","max-image-preview":"max-image-preview:large","max-video-preview":"max-video-preview:-1"},"canonical":"https:\/\/sofahphome.com\/?product=sofa-ni-tay-op-go-ma-062","og_locale":"vi_VN","og_type":"article","og_title":"Sofa n\u1ec9 tay \u1ed1p g\u1ed7 m\u00e3 062","og_description":"T\u00ecnh tr\u1ea1ng:\u00a0M\u1edbi  B\u1ea3o h\u00e0nh:","og_url":"https:\/\/sofahphome.com\/?product=sofa-ni-tay-op-go-ma-062","og_site_name":"sofahphome.com","article_modified_time":"2020-09-23T04:23:28+00:00","og_image":[{"width":500,"height":500,"url":"https:\/\/sofahphome.com\/wp-content\/uploads\/2020\/09\/sofa2.jpg","type":"image\/jpeg"}],"twitter_card":"summary_large_image","twitter_misc":{"\u01af\u1edbc t\u00ednh th\u1eddi gian \u0111\u1ecdc":"1 ph\u00fat"},"schema":{"@context":"https:\/\/schema.org","@graph":[{"@type":"WebPage","@id":"https:\/\/sofahphome.com\/?product=sofa-ni-tay-op-go-ma-062","url":"https:\/\/sofahphome.com\/?product=sofa-ni-tay-op-go-ma-062","name":"Sofa n\u1ec9 tay \u1ed1p g\u1ed7 m\u00e3 062","isPartOf":{"@id":"https:\/\/sofahphome.com\/#website"},"primaryImageOfPage":{"@id":"https:\/\/sofahphome.com\/?product=sofa-ni-tay-op-go-ma-062#primaryimage"},"image":{"@id":"https:\/\/sofahphome.com\/?product=sofa-ni-tay-op-go-ma-062#primaryimage"},"thumbnailUrl":"https:\/\/sofahphome.com\/wp-content\/uploads\/2020\/09\/sofa2.jpg","datePublished":"2020-09-23T04:23:26+00:00","dateModified":"2020-09-23T04:23:28+00:00","breadcrumb":{"@id":"https:\/\/sofahphome.com\/?product=sofa-ni-tay-op-go-ma-062#breadcrumb"},"inLanguage":"vi","potentialAction":[{"@type":"ReadAction","target":["https:\/\/sofahphome.com\/?product=sofa-ni-tay-op-go-ma-062"]}]},{"@type":"ImageObject","inLanguage":"vi","@id":"https:\/\/sofahphome.com\/?product=sofa-ni-tay-op-go-ma-062#primaryimage","url":"https:\/\/sofahphome.com\/wp-content\/uploads\/2020\/09\/sofa2.jpg","contentUrl":"https:\/\/sofahphome.com\/wp-content\/uploads\/2020\/09\/sofa2.jpg","width":500,"height":500},{"@type":"BreadcrumbList","@id":"https:\/\/sofahphome.com\/?product=sofa-ni-tay-op-go-ma-062#breadcrumb","itemListElement":[{"@type":"ListItem","position":1,"name":"B\u1ecdc gh\u1ebf PH Home","item":"https:\/\/sofahphome.com\/"},{"@type":"ListItem","position":2,"name":"S\u1ea3n ph\u1ea9m","item":"https:\/\/sofahphome.com\/?post_type=product"},{"@type":"ListItem","position":3,"name":"Sofa n\u1ec9","item":"https:\/\/sofahphome.com\/?product_cat=sofa-ni"},{"@type":"ListItem","position":4,"name":"Sofa n\u1ec9 tay \u1ed1p g\u1ed7 m\u00e3 062"}]},{"@type":"WebSite","@id":"https:\/\/sofahphome.com\/#website","url":"https:\/\/sofahphome.com\/","name":"sofahphome.com","description":"B\u1ecdc gh\u1ebf sofa HP Home","potentialAction":[{"@type":"SearchAction","target":{"@type":"EntryPoint","urlTemplate":"https:\/\/sofahphome.com\/?s={search_term_string}"},"query-input":{"@type":"PropertyValueSpecification","valueRequired":true,"valueName":"search_term_string"}}],"inLanguage":"vi"}]}},"_links":{"self":[{"href":"https:\/\/sofahphome.com\/index.php?rest_route=\/wp\/v2\/product\/16"}],"collection":[{"href":"https:\/\/sofahphome.com\/index.php?rest_route=\/wp\/v2\/product"}],"about":[{"href":"https:\/\/sofahphome.com\/index.php?rest_route=\/wp\/v2\/types\/product"}],"replies":[{"embeddable":true,"href":"https:\/\/sofahphome.com\/index.php?rest_route=%2Fwp%2Fv2%2Fcomments&post=16"}],"wp:featuredmedia":[{"embeddable":true,"href":"https:\/\/sofahphome.com\/index.php?rest_route=\/wp\/v2\/media\/17"}],"wp:attachment":[{"href":"https:\/\/sofahphome.com\/index.php?rest_route=%2Fwp%2Fv2%2Fmedia&parent=16"}],"wp:term":[{"taxonomy":"product_cat","embeddable":true,"href":"https:\/\/sofahphome.com\/index.php?rest_route=%2Fwp%2Fv2%2Fproduct_cat&post=16"},{"taxonomy":"product_tag","embeddable":true,"href":"https:\/\/sofahphome.com\/index.php?rest_route=%2Fwp%2Fv2%2Fproduct_tag&post=16"}],"curies":[{"name":"wp","href":"https:\/\/api.w.org\/{rel}","templated":true}]}}