{"id":18,"date":"2020-09-24T01:39:27","date_gmt":"2020-09-24T01:39:27","guid":{"rendered":"https:\/\/bocghedongnhi.com\/?post_type=product&#038;p=18"},"modified":"2020-09-24T01:39:36","modified_gmt":"2020-09-24T01:39:36","slug":"boc-ghe-sofa-salon","status":"publish","type":"product","link":"https:\/\/sofahphome.com\/?product=boc-ghe-sofa-salon","title":{"rendered":"B\u1ecdc gh\u1ebf Sofa Salon"},"content":{"rendered":"<p>B\u1ea1n \u0111ang mu\u1ed1n s\u1eeda sang v\u00e0 l\u00e0m m\u1edbi l\u1ea1i ng\u00f4i nh\u00e0 hay v\u0103n ph\u00f2ng l\u00e0m vi\u1ec7c c\u1ee7a m\u00ecnh? B\u1ea1n ch\u00e1n n\u1ea3n v\u00ec kh\u00f4ng t\u00ecm \u0111\u01b0\u1ee3c b\u1ed9 gh\u1ebf Sofa ph\u00f9 h\u1ee3p v\u1edbi kh\u00f4ng gian nh\u00e0 m\u00ecnh? L\u00fac n\u00e0y, b\u1ea1n h\u00e3y ngh\u0129 \u0111\u1ebfn vi\u1ec7c\u00a0<a href=\"http:\/\/sofangocson.vn\/boc-ghe-sofa-salon\/\"><strong>b\u1ecdc gh\u1ebf Sofa Salon<\/strong><\/a>\u00a0\u0111\u1ec3 ti\u1ebft ki\u1ec7m h\u01a1n chi ph\u00ed cho vi\u1ec7c mua s\u1eafm n\u1ed9i th\u1ea5t kh\u00e1c m\u00e0 v\u1eabn \u0111em l\u1ea1i ch\u1ea5t l\u01b0\u1ee3ng v\u00e0 thay \u0111\u1ed5i v\u1ebb \u0111\u1eb9p cho kh\u00f4ng gian c\u1ee7a m\u00ecnh hay ch\u1ec9 \u0111\u01a1n gi\u1ea3n l\u00e0 thay \u0111\u1ed5i kh\u00f4ng gian s\u1ed1ng \u0111\u1ec3 l\u00e0m m\u1edbi m\u1ebb h\u01a1n cho cu\u1ed9c s\u1ed1ng c\u1ee7a gia \u0111\u00ecnh.<\/p>\n<p>\u0110\u00e1p \u1ee9ng nhu c\u1ea7u c\u1ee7a kh\u00e1ch h\u00e0ng, C\u00f4ng ty Sofa Ng\u1ecdc S\u01a1n cho ra \u0111\u1eddi\u00a0<strong>d\u1ecbch v\u1ee5 b\u1ecdc l\u1ea1i gh\u1ebf sofa salon<\/strong>\u00a0gi\u00fap gia \u0111\u00ecnh b\u1ea1n s\u1edf h\u1eefu b\u1ed9\u00a0sofa ph\u00f9 h\u1ee3p v\u1edbi k\u1ebft c\u1ea5u c\u0103n ph\u00f2ng, th\u1eddi trang, phong c\u00e1ch k\u00e8m ti\u1ec7n nghi, sang tr\u1ecdng nh\u1ea5t.<\/p>\n","protected":false},"excerpt":{"rendered":"<p>B\u1ea1n \u0111ang mu\u1ed1n s\u1eeda sang v\u00e0 l\u00e0m m\u1edbi l\u1ea1i ng\u00f4i nh\u00e0 hay v\u0103n ph\u00f2ng l\u00e0m vi\u1ec7c c\u1ee7a m\u00ecnh? B\u1ea1n ch\u00e1n n\u1ea3n v\u00ec kh\u00f4ng t\u00ecm \u0111\u01b0\u1ee3c b\u1ed9 gh\u1ebf Sofa ph\u00f9 h\u1ee3p v\u1edbi kh\u00f4ng gian nh\u00e0 m\u00ecnh? L\u00fac n\u00e0y, b\u1ea1n h\u00e3y ngh\u0129 \u0111\u1ebfn vi\u1ec7c\u00a0b\u1ecdc gh\u1ebf Sofa Salon\u00a0\u0111\u1ec3 ti\u1ebft ki\u1ec7m h\u01a1n chi ph\u00ed cho vi\u1ec7c mua s\u1eafm n\u1ed9i.. Xem Chi ti\u1ebft..<\/p>\n","protected":false},"featured_media":11,"comment_status":"open","ping_status":"closed","template":"","meta":[],"product_cat":[16,17],"product_tag":[],"class_list":{"0":"post-18","1":"product","2":"type-product","3":"status-publish","4":"has-post-thumbnail","6":"product_cat-sofa-da","7":"product_cat-sofa-ni","9":"first","10":"instock","11":"shipping-taxable","12":"purchasable","13":"product-type-simple"},"yoast_head":"<!-- This site is optimized with the Yoast SEO plugin v23.7 - https:\/\/yoast.com\/wordpress\/plugins\/seo\/ -->\n<title>B\u1ecdc gh\u1ebf Sofa Salon<\/title>\n<meta name=\"robots\" content=\"index, follow, max-snippet:-1, max-image-preview:large, max-video-preview:-1\" \/>\n<link rel=\"canonical\" href=\"https:\/\/sofahphome.com\/?product=boc-ghe-sofa-salon\" \/>\n<meta property=\"og:locale\" content=\"vi_VN\" \/>\n<meta property=\"og:type\" content=\"article\" \/>\n<meta property=\"og:title\" content=\"B\u1ecdc gh\u1ebf Sofa Salon\" \/>\n<meta property=\"og:description\" content=\"B\u1ea1n \u0111ang mu\u1ed1n s\u1eeda sang v\u00e0 l\u00e0m m\u1edbi l\u1ea1i ng\u00f4i nh\u00e0 hay v\u0103n ph\u00f2ng l\u00e0m vi\u1ec7c c\u1ee7a m\u00ecnh? B\u1ea1n ch\u00e1n n\u1ea3n v\u00ec kh\u00f4ng t\u00ecm \u0111\u01b0\u1ee3c b\u1ed9 gh\u1ebf Sofa ph\u00f9 h\u1ee3p v\u1edbi kh\u00f4ng gian nh\u00e0 m\u00ecnh? L\u00fac n\u00e0y, b\u1ea1n h\u00e3y ngh\u0129 \u0111\u1ebfn vi\u1ec7c\u00a0b\u1ecdc gh\u1ebf Sofa Salon\u00a0\u0111\u1ec3 ti\u1ebft ki\u1ec7m h\u01a1n chi ph\u00ed cho vi\u1ec7c mua s\u1eafm n\u1ed9i.. Xem Chi ti\u1ebft..\" \/>\n<meta property=\"og:url\" content=\"https:\/\/sofahphome.com\/?product=boc-ghe-sofa-salon\" \/>\n<meta property=\"og:site_name\" content=\"sofahphome.com\" \/>\n<meta property=\"article:modified_time\" content=\"2020-09-24T01:39:36+00:00\" \/>\n<meta property=\"og:image\" content=\"https:\/\/sofahphome.com\/wp-content\/uploads\/2020\/09\/sofada.jpg\" \/>\n\t<meta property=\"og:image:width\" content=\"400\" \/>\n\t<meta property=\"og:image:height\" content=\"320\" \/>\n\t<meta property=\"og:image:type\" content=\"image\/jpeg\" \/>\n<meta name=\"twitter:card\" content=\"summary_large_image\" \/>\n<meta name=\"twitter:label1\" content=\"\u01af\u1edbc t\u00ednh th\u1eddi gian \u0111\u1ecdc\" \/>\n\t<meta name=\"twitter:data1\" content=\"1 ph\u00fat\" \/>\n<script type=\"application\/ld+json\" class=\"yoast-schema-graph\">{\"@context\":\"https:\/\/schema.org\",\"@graph\":[{\"@type\":\"WebPage\",\"@id\":\"https:\/\/sofahphome.com\/?product=boc-ghe-sofa-salon\",\"url\":\"https:\/\/sofahphome.com\/?product=boc-ghe-sofa-salon\",\"name\":\"B\u1ecdc gh\u1ebf Sofa Salon\",\"isPartOf\":{\"@id\":\"https:\/\/sofahphome.com\/#website\"},\"primaryImageOfPage\":{\"@id\":\"https:\/\/sofahphome.com\/?product=boc-ghe-sofa-salon#primaryimage\"},\"image\":{\"@id\":\"https:\/\/sofahphome.com\/?product=boc-ghe-sofa-salon#primaryimage\"},\"thumbnailUrl\":\"https:\/\/sofahphome.com\/wp-content\/uploads\/2020\/09\/sofada.jpg\",\"datePublished\":\"2020-09-24T01:39:27+00:00\",\"dateModified\":\"2020-09-24T01:39:36+00:00\",\"breadcrumb\":{\"@id\":\"https:\/\/sofahphome.com\/?product=boc-ghe-sofa-salon#breadcrumb\"},\"inLanguage\":\"vi\",\"potentialAction\":[{\"@type\":\"ReadAction\",\"target\":[\"https:\/\/sofahphome.com\/?product=boc-ghe-sofa-salon\"]}]},{\"@type\":\"ImageObject\",\"inLanguage\":\"vi\",\"@id\":\"https:\/\/sofahphome.com\/?product=boc-ghe-sofa-salon#primaryimage\",\"url\":\"https:\/\/sofahphome.com\/wp-content\/uploads\/2020\/09\/sofada.jpg\",\"contentUrl\":\"https:\/\/sofahphome.com\/wp-content\/uploads\/2020\/09\/sofada.jpg\",\"width\":400,\"height\":320},{\"@type\":\"BreadcrumbList\",\"@id\":\"https:\/\/sofahphome.com\/?product=boc-ghe-sofa-salon#breadcrumb\",\"itemListElement\":[{\"@type\":\"ListItem\",\"position\":1,\"name\":\"B\u1ecdc gh\u1ebf PH Home\",\"item\":\"https:\/\/sofahphome.com\/\"},{\"@type\":\"ListItem\",\"position\":2,\"name\":\"S\u1ea3n ph\u1ea9m\",\"item\":\"https:\/\/sofahphome.com\/?post_type=product\"},{\"@type\":\"ListItem\",\"position\":3,\"name\":\"Sofa da\",\"item\":\"https:\/\/sofahphome.com\/?product_cat=sofa-da\"},{\"@type\":\"ListItem\",\"position\":4,\"name\":\"B\u1ecdc gh\u1ebf Sofa Salon\"}]},{\"@type\":\"WebSite\",\"@id\":\"https:\/\/sofahphome.com\/#website\",\"url\":\"https:\/\/sofahphome.com\/\",\"name\":\"sofahphome.com\",\"description\":\"B\u1ecdc gh\u1ebf sofa HP Home\",\"potentialAction\":[{\"@type\":\"SearchAction\",\"target\":{\"@type\":\"EntryPoint\",\"urlTemplate\":\"https:\/\/sofahphome.com\/?s={search_term_string}\"},\"query-input\":{\"@type\":\"PropertyValueSpecification\",\"valueRequired\":true,\"valueName\":\"search_term_string\"}}],\"inLanguage\":\"vi\"}]}<\/script>\n<!-- \/ Yoast SEO plugin. -->","yoast_head_json":{"title":"B\u1ecdc gh\u1ebf Sofa Salon","robots":{"index":"index","follow":"follow","max-snippet":"max-snippet:-1","max-image-preview":"max-image-preview:large","max-video-preview":"max-video-preview:-1"},"canonical":"https:\/\/sofahphome.com\/?product=boc-ghe-sofa-salon","og_locale":"vi_VN","og_type":"article","og_title":"B\u1ecdc gh\u1ebf Sofa Salon","og_description":"B\u1ea1n \u0111ang mu\u1ed1n s\u1eeda sang v\u00e0 l\u00e0m m\u1edbi l\u1ea1i ng\u00f4i nh\u00e0 hay v\u0103n ph\u00f2ng l\u00e0m vi\u1ec7c c\u1ee7a m\u00ecnh? B\u1ea1n ch\u00e1n n\u1ea3n v\u00ec kh\u00f4ng t\u00ecm \u0111\u01b0\u1ee3c b\u1ed9 gh\u1ebf Sofa ph\u00f9 h\u1ee3p v\u1edbi kh\u00f4ng gian nh\u00e0 m\u00ecnh? L\u00fac n\u00e0y, b\u1ea1n h\u00e3y ngh\u0129 \u0111\u1ebfn vi\u1ec7c\u00a0b\u1ecdc gh\u1ebf Sofa Salon\u00a0\u0111\u1ec3 ti\u1ebft ki\u1ec7m h\u01a1n chi ph\u00ed cho vi\u1ec7c mua s\u1eafm n\u1ed9i.. Xem Chi ti\u1ebft..","og_url":"https:\/\/sofahphome.com\/?product=boc-ghe-sofa-salon","og_site_name":"sofahphome.com","article_modified_time":"2020-09-24T01:39:36+00:00","og_image":[{"width":400,"height":320,"url":"https:\/\/sofahphome.com\/wp-content\/uploads\/2020\/09\/sofada.jpg","type":"image\/jpeg"}],"twitter_card":"summary_large_image","twitter_misc":{"\u01af\u1edbc t\u00ednh th\u1eddi gian \u0111\u1ecdc":"1 ph\u00fat"},"schema":{"@context":"https:\/\/schema.org","@graph":[{"@type":"WebPage","@id":"https:\/\/sofahphome.com\/?product=boc-ghe-sofa-salon","url":"https:\/\/sofahphome.com\/?product=boc-ghe-sofa-salon","name":"B\u1ecdc gh\u1ebf Sofa Salon","isPartOf":{"@id":"https:\/\/sofahphome.com\/#website"},"primaryImageOfPage":{"@id":"https:\/\/sofahphome.com\/?product=boc-ghe-sofa-salon#primaryimage"},"image":{"@id":"https:\/\/sofahphome.com\/?product=boc-ghe-sofa-salon#primaryimage"},"thumbnailUrl":"https:\/\/sofahphome.com\/wp-content\/uploads\/2020\/09\/sofada.jpg","datePublished":"2020-09-24T01:39:27+00:00","dateModified":"2020-09-24T01:39:36+00:00","breadcrumb":{"@id":"https:\/\/sofahphome.com\/?product=boc-ghe-sofa-salon#breadcrumb"},"inLanguage":"vi","potentialAction":[{"@type":"ReadAction","target":["https:\/\/sofahphome.com\/?product=boc-ghe-sofa-salon"]}]},{"@type":"ImageObject","inLanguage":"vi","@id":"https:\/\/sofahphome.com\/?product=boc-ghe-sofa-salon#primaryimage","url":"https:\/\/sofahphome.com\/wp-content\/uploads\/2020\/09\/sofada.jpg","contentUrl":"https:\/\/sofahphome.com\/wp-content\/uploads\/2020\/09\/sofada.jpg","width":400,"height":320},{"@type":"BreadcrumbList","@id":"https:\/\/sofahphome.com\/?product=boc-ghe-sofa-salon#breadcrumb","itemListElement":[{"@type":"ListItem","position":1,"name":"B\u1ecdc gh\u1ebf PH Home","item":"https:\/\/sofahphome.com\/"},{"@type":"ListItem","position":2,"name":"S\u1ea3n ph\u1ea9m","item":"https:\/\/sofahphome.com\/?post_type=product"},{"@type":"ListItem","position":3,"name":"Sofa da","item":"https:\/\/sofahphome.com\/?product_cat=sofa-da"},{"@type":"ListItem","position":4,"name":"B\u1ecdc gh\u1ebf Sofa Salon"}]},{"@type":"WebSite","@id":"https:\/\/sofahphome.com\/#website","url":"https:\/\/sofahphome.com\/","name":"sofahphome.com","description":"B\u1ecdc gh\u1ebf sofa HP Home","potentialAction":[{"@type":"SearchAction","target":{"@type":"EntryPoint","urlTemplate":"https:\/\/sofahphome.com\/?s={search_term_string}"},"query-input":{"@type":"PropertyValueSpecification","valueRequired":true,"valueName":"search_term_string"}}],"inLanguage":"vi"}]}},"_links":{"self":[{"href":"https:\/\/sofahphome.com\/index.php?rest_route=\/wp\/v2\/product\/18"}],"collection":[{"href":"https:\/\/sofahphome.com\/index.php?rest_route=\/wp\/v2\/product"}],"about":[{"href":"https:\/\/sofahphome.com\/index.php?rest_route=\/wp\/v2\/types\/product"}],"replies":[{"embeddable":true,"href":"https:\/\/sofahphome.com\/index.php?rest_route=%2Fwp%2Fv2%2Fcomments&post=18"}],"wp:featuredmedia":[{"embeddable":true,"href":"https:\/\/sofahphome.com\/index.php?rest_route=\/wp\/v2\/media\/11"}],"wp:attachment":[{"href":"https:\/\/sofahphome.com\/index.php?rest_route=%2Fwp%2Fv2%2Fmedia&parent=18"}],"wp:term":[{"taxonomy":"product_cat","embeddable":true,"href":"https:\/\/sofahphome.com\/index.php?rest_route=%2Fwp%2Fv2%2Fproduct_cat&post=18"},{"taxonomy":"product_tag","embeddable":true,"href":"https:\/\/sofahphome.com\/index.php?rest_route=%2Fwp%2Fv2%2Fproduct_tag&post=18"}],"curies":[{"name":"wp","href":"https:\/\/api.w.org\/{rel}","templated":true}]}}